{"id":34,"date":"2025-05-05T09:16:43","date_gmt":"2025-05-05T07:16:43","guid":{"rendered":"https:\/\/www.prenajomjbl.sk\/?page_id=34"},"modified":"2025-05-05T18:03:16","modified_gmt":"2025-05-05T16:03:16","slug":"cennik","status":"publish","type":"page","link":"https:\/\/www.prenajomjbl.sk\/index.php\/cennik\/","title":{"rendered":"Cenn\u00edk"},"content":{"rendered":"\n<figure class=\"wp-block-image alignfull size-large\"><img loading=\"lazy\" decoding=\"async\" width=\"1024\" height=\"373\" src=\"https:\/\/www.prenajomjbl.sk\/wp-content\/uploads\/2025\/05\/image-crop-200000006-7-1024x373.webp\" alt=\"\" class=\"wp-image-78\" srcset=\"https:\/\/www.prenajomjbl.sk\/wp-content\/uploads\/2025\/05\/image-crop-200000006-7-1024x373.webp 1024w, https:\/\/www.prenajomjbl.sk\/wp-content\/uploads\/2025\/05\/image-crop-200000006-7-300x109.webp 300w, https:\/\/www.prenajomjbl.sk\/wp-content\/uploads\/2025\/05\/image-crop-200000006-7-768x280.webp 768w, https:\/\/www.prenajomjbl.sk\/wp-content\/uploads\/2025\/05\/image-crop-200000006-7.webp 1400w\" sizes=\"auto, (max-width: 1024px) 100vw, 1024px\" \/><\/figure>\n\n\n\n<h2 class=\"wp-block-heading has-text-align-center\"><strong>Cenn\u00edk<\/strong><\/h2>\n\n\n\n<figure class=\"wp-block-table is-style-stripes\"><table class=\"has-fixed-layout\"><tbody><tr><td><strong>Pren\u00e1jom JBL Encore + mikrof\u00f3n<\/strong><br>(skladom 1ks)<br><strong>Pren\u00e1jom na 24 hod\u00edn<\/strong><\/td><td class=\"has-text-align-center\" data-align=\"center\"><strong>10\u20ac<\/strong><\/td><td><strong>Pren\u00e1jom JBL Encore + mikrof\u00f3n<\/strong><br>(skladom 1ks)<br><strong>Pren\u00e1jom na v\u00edkend<\/strong><\/td><td class=\"has-text-align-center\" data-align=\"center\"><strong>15\u20ac<\/strong><\/td><\/tr><tr><td><strong>Pren\u00e1jom JBL Partybox 100<\/strong><br>(skladom 2ks)<br><strong>Pren\u00e1jom na 24 hod\u00edn<\/strong><\/td><td class=\"has-text-align-center\" data-align=\"center\"><strong><strong>15\u20ac<\/strong><\/strong><\/td><td><strong>Pren\u00e1jom JBL Partybox 100<\/strong><br>(skladom 2ks)<br><strong>Pren\u00e1jom na v\u00edkend<\/strong><\/td><td class=\"has-text-align-center\" data-align=\"center\"><strong>20\u20ac<\/strong><\/td><\/tr><tr><td><strong>Pren\u00e1jom JBL Partybox 310<\/strong><br>(skladom 1ks)<br><strong>Pren\u00e1jom na 24 hod\u00edn<\/strong><\/td><td class=\"has-text-align-center\" data-align=\"center\"><strong>20\u20ac<\/strong><\/td><td><strong>Pren\u00e1jom JBL Partybox 310<\/strong><br>(skladom 1ks)<br><strong>Pren\u00e1jom na v\u00edkend<\/strong><\/td><td class=\"has-text-align-center\" data-align=\"center\"><strong>30\u20ac<\/strong><\/td><\/tr><tr><td><strong>Pren\u00e1jom JBL Partybox Ulitimate<\/strong><br>(skladom 1ks)<br><strong>Pren\u00e1jom na 24 hod\u00edn<\/strong><\/td><td class=\"has-text-align-center\" data-align=\"center\"><strong>35\u20ac<\/strong><\/td><td><strong>Pren\u00e1jom JBL Partybox Ulitimate<\/strong><br>(skladom 1ks)<br><strong>Pren\u00e1jom na v\u00edkend<\/strong><\/td><td class=\"has-text-align-center\" data-align=\"center\"><strong>60\u20ac<\/strong><\/td><\/tr><tr><td><strong>Pren\u00e1jom JBL bezdrotov\u00e9 mikrof\u00f3ny\u00a0<\/strong><br>Set 2 mikrof\u00f3ny, jeden prj\u00edma\u010d (skladom 2ks)<br><strong>Pren\u00e1jom na 24 hod\u00edn<\/strong><\/td><td class=\"has-text-align-center\" data-align=\"center\"><strong>5\u20ac<\/strong><\/td><td><strong>Pren\u00e1jom JBL bezdrotov\u00e9 mikrof\u00f3ny<\/strong><br>Set 2 mikrof\u00f3ny, jeden p\u00edjma\u010d (skladom 2ks)<br><strong>Pren\u00e1jom na v\u00edkend<\/strong><\/td><td class=\"has-text-align-center\" data-align=\"center\"><strong>8\u20ac<\/strong><\/td><\/tr><tr><td><strong>Pren\u00e1jom JBL dr\u00f4tov\u00fd mikrof\u00f3n<\/strong><br>k\u00e1bel 3m (skladom 1ks)<br><strong>Pren\u00e1jom na 24 hod\u00edn<\/strong><\/td><td class=\"has-text-align-center\" data-align=\"center\"><strong>3\u20ac<\/strong><\/td><td><strong>Pren\u00e1jom JBL dr\u00f4tov\u00fd mikrof\u00f3n<\/strong><br>K\u00e1bel 3m (skladom 1ks)<br><strong>Pren\u00e1jom na v\u00edkend<\/strong><\/td><td class=\"has-text-align-center\" data-align=\"center\"><strong>5\u20ac<\/strong><\/td><\/tr><tr><td><strong>Mixa\u017eny pult\u00a0<\/strong><br>Behringer XENYX X1622USB<br><strong>Pren\u00e1jom na 24 hod\u00edn<\/strong><\/td><td class=\"has-text-align-center\" data-align=\"center\"><strong>15\u20ac<\/strong><\/td><td><strong>Mixa\u017eny pult<\/strong><br>Behringer XENYX X1622USB<br><strong>Pren\u00e1jom na v\u00edkend<\/strong><\/td><td class=\"has-text-align-center\" data-align=\"center\"><strong>20\u20ac<\/strong><\/td><\/tr><\/tbody><\/table><\/figure>\n\n\n\n<div class=\"wp-block-group\"><div class=\"wp-block-group__inner-container is-layout-constrained wp-block-group-is-layout-constrained\"><\/div><\/div>\n","protected":false},"excerpt":{"rendered":"<p>Cenn\u00edk Pren\u00e1jom JBL Encore + mikrof\u00f3n(skladom 1ks)Pren\u00e1jom na 24 hod\u00edn 10\u20ac Pren\u00e1jom JBL Encore + mikrof\u00f3n(skladom 1ks)Pren\u00e1jom na v\u00edkend 15\u20ac Pren\u00e1jom JBL Partybox 100(skladom 2ks)Pren\u00e1jom na 24 hod\u00edn 15\u20ac Pren\u00e1jom JBL Partybox 100(skladom 2ks)Pren\u00e1jom na v\u00edkend 20\u20ac Pren\u00e1jom JBL Partybox 310(skladom 1ks)Pren\u00e1jom na 24 hod\u00edn 20\u20ac Pren\u00e1jom JBL Partybox 310(skladom 1ks)Pren\u00e1jom na v\u00edkend 30\u20ac Pren\u00e1jom [&hellip;]<\/p>\n","protected":false},"author":1,"featured_media":0,"parent":0,"menu_order":0,"comment_status":"closed","ping_status":"closed","template":"","meta":{"footnotes":""},"class_list":["post-34","page","type-page","status-publish","hentry"],"_links":{"self":[{"href":"https:\/\/www.prenajomjbl.sk\/index.php\/wp-json\/wp\/v2\/pages\/34","targetHints":{"allow":["GET"]}}],"collection":[{"href":"https:\/\/www.prenajomjbl.sk\/index.php\/wp-json\/wp\/v2\/pages"}],"about":[{"href":"https:\/\/www.prenajomjbl.sk\/index.php\/wp-json\/wp\/v2\/types\/page"}],"author":[{"embeddable":true,"href":"https:\/\/www.prenajomjbl.sk\/index.php\/wp-json\/wp\/v2\/users\/1"}],"replies":[{"embeddable":true,"href":"https:\/\/www.prenajomjbl.sk\/index.php\/wp-json\/wp\/v2\/comments?post=34"}],"version-history":[{"count":3,"href":"https:\/\/www.prenajomjbl.sk\/index.php\/wp-json\/wp\/v2\/pages\/34\/revisions"}],"predecessor-version":[{"id":80,"href":"https:\/\/www.prenajomjbl.sk\/index.php\/wp-json\/wp\/v2\/pages\/34\/revisions\/80"}],"wp:attachment":[{"href":"https:\/\/www.prenajomjbl.sk\/index.php\/wp-json\/wp\/v2\/media?parent=34"}],"curies":[{"name":"wp","href":"https:\/\/api.w.org\/{rel}","templated":true}]}}